{"id":3,"date":"2024-02-09T16:59:13","date_gmt":"2024-02-09T15:59:13","guid":{"rendered":"http:\/\/projetdoubsdessoubre.fr\/?page_id=3"},"modified":"2024-04-26T08:18:44","modified_gmt":"2024-04-26T06:18:44","slug":"politique-de-confidentialite","status":"publish","type":"page","link":"https:\/\/projetdoubsdessoubre.fr\/index.php\/politique-de-confidentialite\/","title":{"rendered":"Politique de confidentialit\u00e9"},"content":{"rendered":"\n<h2 class=\"wp-block-heading\">Pr\u00e9ambule<\/h2>\n\n\n\n<p>Le Syndicat Mixte d\u2019Am\u00e9nagement du Dessoubre et de Valorisation du Bassin Versant, soucieux des droits des individus, notamment au regard des traitements automatis\u00e9s et dans une volont\u00e9 de transparence avec ses clients, a mis en place une politique reprenant l\u2019ensemble de ces traitements, des finalit\u00e9s poursuivies par ces derniers ainsi que des moyens d\u2019actions \u00e0 la disposition des individus afin qu\u2019ils puissent au mieux exercer leurs droits.<\/p>\n\n\n\n<p>Pour toute information compl\u00e9mentaire sur la protection des donn\u00e9es personnelles, nous vous invitons \u00e0 consulter le site : <a href=\"http:\/\/www.cnil.fr\" target=\"_blank\" rel=\"noreferrer noopener\">www.cnil.fr<\/a><\/p>\n\n\n\n<p>La poursuite de la navigation sur ce site vaut acceptation sans r\u00e9serve des dispositions et conditions d\u2019utilisation qui suivent.<br>La version actuellement en ligne de ces conditions d\u2019utilisation est la seule opposable pendant toute la dur\u00e9e d\u2019utilisation du site et jusqu\u2019\u00e0 ce qu\u2019une nouvelle version la remplace.<\/p>\n\n\n\n<h2 class=\"wp-block-heading\"><strong>Article 1 \u2013 Mentions l\u00e9gales<\/strong><\/h2>\n\n\n\n<p><strong>1.1 Site (ci-apr\u00e8s \u00ab le site \u00bb) :<\/strong><br>www.smix-dessoubre.fr<\/p>\n\n\n\n<p><strong>1.2 \u00c9diteur (ci-apr\u00e8s \u00ab l\u2019\u00e9diteur \u00bb) :<\/strong><br>Le Syndicat Mixte d\u2019Am\u00e9nagement du Dessoubre et de Valorisation du Bassin Versant<br>3 rue du Clos Pascal, 25190, SAINT-HIPPOLYTE<br>repr\u00e9sent\u00e9e par <strong>Anthony Guinchard<\/strong>, en sa qualit\u00e9 de Pr\u00e9sident<br>SIREN : 200029502<br>SIRET : 20002950200024<br>n\u00b0 de t\u00e9l\u00e9phone : <a href=\"tel:0381370278\">03 81 37 02 78<\/a><br>adresse mail : <a href=\"mailto:contact@smix-dessoubre.fr\">contact@smix-dessoubre.fr<\/a><\/p>\n\n\n\n<p><strong>1.3 H\u00e9bergeur (ci-apr\u00e8s \u00ab l\u2019h\u00e9bergeur \u00bb) :<\/strong><br>Projet Doubs Dessoubre est h\u00e9berg\u00e9 par OVH dont le si\u00e8ge social est 2 rue Kellermann, 59100 Roubaix.<\/p>\n\n\n\n<h2 class=\"wp-block-heading\"><strong>Article 2 \u2013 Acc\u00e8s au site<\/strong><\/h2>\n\n\n\n<p>L\u2019acc\u00e8s au site et son utilisation sont r\u00e9serv\u00e9s \u00e0 un usage strictement personnel. Vous vous engagez \u00e0 ne pas utiliser ce site et les informations ou donn\u00e9es qui y figurent \u00e0 des fins commerciales, politiques, publicitaires et pour toute forme de sollicitation commerciale et notamment l\u2019envoi de courriers \u00e9lectroniques non sollicit\u00e9s.<\/p>\n\n\n\n<h2 class=\"wp-block-heading\"><strong>Article 3 \u2013 Contenu du site<\/strong><\/h2>\n\n\n\n<p>Toutes les marques, photographies, textes, commentaires, illustrations, images anim\u00e9es ou non, s\u00e9quences vid\u00e9o, sons, ainsi que toutes les applications informatiques qui pourraient \u00eatre utilis\u00e9es pour faire fonctionner ce site et plus g\u00e9n\u00e9ralement tous les \u00e9l\u00e9ments reproduits ou utilis\u00e9s sur le site sont prot\u00e9g\u00e9s par les lois en vigueur au titre de la propri\u00e9t\u00e9 intellectuelle.<br>Ils sont la propri\u00e9t\u00e9 pleine et enti\u00e8re de l\u2019\u00e9diteur ou de ses partenaires. Toute reproduction, repr\u00e9sentation, utilisation ou adaptation, sous quelque forme que ce soit, de tout ou partie de ces \u00e9l\u00e9ments, y compris les applications informatiques, sans l\u2019accord pr\u00e9alable et \u00e9crit de l\u2019\u00e9diteur, sont strictement interdites. Le fait pour l\u2019\u00e9diteur de ne pas engager de proc\u00e9dure d\u00e8s la prise de connaissance de ces utilisations non autoris\u00e9es ne vaut pas acceptation desdites utilisations et renonciation aux poursuites.<\/p>\n\n\n\n<h2 class=\"wp-block-heading\"><strong>Article 4 \u2013 Gestion du site<\/strong><\/h2>\n\n\n\n<p>Pour la bonne gestion du site, l\u2019\u00e9diteur pourra \u00e0 tout moment :<br>\u2013 suspendre, interrompre ou limiter l\u2019acc\u00e8s \u00e0 tout ou partie du site, r\u00e9server l\u2019acc\u00e8s au site, ou \u00e0 certaines parties du site, \u00e0 une cat\u00e9gorie d\u00e9termin\u00e9e d\u2019internautes ;<br>\u2013 supprimer toute information pouvant en perturber le fonctionnement ou entrant en contravention avec les lois nationales ou internationales ;<br>\u2013 suspendre le site afin de proc\u00e9der \u00e0 des mises \u00e0 jour.<\/p>\n\n\n\n<h2 class=\"wp-block-heading\"><strong>Article 5 \u2013 Responsabilit\u00e9s<\/strong><\/h2>\n\n\n\n<p>La responsabilit\u00e9 de l\u2019\u00e9diteur ne peut \u00eatre engag\u00e9e en cas de d\u00e9faillance, panne, difficult\u00e9 ou interruption de fonctionnement, emp\u00eachant l\u2019acc\u00e8s au site ou \u00e0 une de ses fonctionnalit\u00e9s.<br>Le mat\u00e9riel de connexion au site que vous utilisez est sous votre enti\u00e8re responsabilit\u00e9. Vous devez prendre toutes les mesures appropri\u00e9es pour prot\u00e9ger votre mat\u00e9riel et vos propres donn\u00e9es notamment d\u2019attaques virales par Internet. Vous \u00eates par ailleurs seul responsable des sites et donn\u00e9es que vous consultez.<br>L\u2019\u00e9diteur ne pourra \u00eatre tenu responsable en cas de poursuites judiciaires \u00e0 votre encontre :<br>\u2013 du fait de l\u2019usage du site ou de tout service accessible via Internet ;<br>\u2013 du fait du non-respect par vous des pr\u00e9sentes conditions g\u00e9n\u00e9rales.<br>L\u2019\u00e9diteur n\u2019est pas responsable des dommages caus\u00e9s \u00e0 vous-m\u00eame, \u00e0 des tiers et\/ou \u00e0 votre \u00e9quipement du fait de votre connexion ou de votre utilisation du site et vous renoncez \u00e0 toute action contre lui de ce fait.<br>Si l\u2019\u00e9diteur venait \u00e0 faire l\u2019objet d\u2019une proc\u00e9dure amiable ou judiciaire en raison de votre utilisation du site, il pourra se retourner contre vous pour obtenir l\u2019indemnisation de tous les pr\u00e9judices, sommes, condamnations et frais qui pourraient d\u00e9couler de cette proc\u00e9dure.<\/p>\n\n\n\n<h2 class=\"wp-block-heading\"><strong>Article 6 \u2013 Liens hypertextes<\/strong><\/h2>\n\n\n\n<p>La mise en place par les utilisateurs de tous liens hypertextes vers tout ou partie du site est autoris\u00e9e par l\u2019\u00e9diteur. Tout lien devra \u00eatre retir\u00e9 sur simple demande de l\u2019\u00e9diteur.<br>Toute information accessible via un lien vers d\u2019autres sites n\u2019est pas publi\u00e9e par l\u2019\u00e9diteur.<br>L\u2019\u00e9diteur ne dispose d\u2019aucun droit sur le contenu pr\u00e9sent dans ledit lien.<\/p>\n\n\n\n<h2 class=\"wp-block-heading\"><strong>Article 7 \u2013 Collecte et protection des donn\u00e9es<\/strong><\/h2>\n\n\n\n<p>Vos donn\u00e9es sont collect\u00e9es par SMIX Doubs Dessoubre.<br>Une donn\u00e9e \u00e0 caract\u00e8re personnel d\u00e9signe toute information concernant une personne physique identifi\u00e9e ou identifiable (personne concern\u00e9e) ; est r\u00e9put\u00e9e identifiable une personne qui peut \u00eatre identifi\u00e9e, directement ou indirectement, notamment par r\u00e9f\u00e9rence \u00e0 un nom, un num\u00e9ro d\u2019identification ou \u00e0 un ou plusieurs \u00e9l\u00e9ments sp\u00e9cifiques, propres \u00e0 son identit\u00e9 physique, physiologique, g\u00e9n\u00e9tique, psychique, \u00e9conomique, culturelle ou sociale.<br>Les informations personnelles pouvant \u00eatre recueillies sur le site sont principalement utilis\u00e9es par l\u2019\u00e9diteur pour la gestion des relations avec vous, et le cas \u00e9ch\u00e9ant pour le traitement de vos demandes et la r\u00e9ponse \u00e0 un message envoy\u00e9 depuis le formulaire de contact.<br>Les donn\u00e9es personnelles collect\u00e9es sont les suivantes :<br>\u2013 Nom et pr\u00e9nom<br>\u2013 Adresse mail<\/p>\n\n\n\n<h2 class=\"wp-block-heading\"><strong>Article 8 \u2013 Droit d\u2019acc\u00e8s, de rectification et de d\u00e9r\u00e9f\u00e9rencement de vos donn\u00e9es<\/strong><\/h2>\n\n\n\n<p>En application de la r\u00e9glementation applicable aux donn\u00e9es \u00e0 caract\u00e8re personnel, les utilisateurs disposent des droits suivants :<br>\u2013 le droit d\u2019acc\u00e8s : ils peuvent exercer leur droit d\u2019acc\u00e8s, pour conna\u00eetre les donn\u00e9es personnelles les concernant, en \u00e9crivant \u00e0 l\u2019adresse \u00e9lectronique ci-dessous mentionn\u00e9e.<br>Dans ce cas, avant la mise en \u0153uvre de ce droit, Le site peut demander une preuve de l\u2019identit\u00e9 de l\u2019utilisateur afin d\u2019en v\u00e9rifier l\u2019exactitude ;<br>\u2013 le droit de rectification : si les donn\u00e9es \u00e0 caract\u00e8re personnel d\u00e9tenues par Le site sont inexactes, ils peuvent demander la mise \u00e0 jour des informations ;<br>\u2013 le droit de suppression des donn\u00e9es : les utilisateurs peuvent demander la suppression de leurs donn\u00e9es \u00e0 caract\u00e8re personnel, conform\u00e9ment aux lois applicables en mati\u00e8re de protection des donn\u00e9es ;<br>\u2013 le droit \u00e0 la limitation du traitement : les utilisateurs peuvent de demander au site de limiter le traitement des donn\u00e9es personnelles conform\u00e9ment aux hypoth\u00e8ses pr\u00e9vues par le RGPD ;<br>\u2013 le droit de s\u2019opposer au traitement des donn\u00e9es : les utilisateurs peuvent s\u2019opposer \u00e0 ce que leurs donn\u00e9es soient trait\u00e9es conform\u00e9ment aux hypoth\u00e8ses pr\u00e9vues par le RGPD ;<br>\u2013 le droit \u00e0 la portabilit\u00e9 : ils peuvent r\u00e9clamer que Le site leur remette les donn\u00e9es personnelles qu\u2019ils ont fournies pour les transmettre \u00e0 une nouvelle Plateforme.<\/p>\n\n\n\n<p>Vous pouvez exercer ce droit en nous contactant, \u00e0 l\u2019adresse suivante : Le Syndicat Mixte d\u2019Am\u00e9nagement du Dessoubre et de Valorisation du Bassin Versant, 3 rue du Clos Pascal, 25190, SAINT-HIPPOLYTE<br>Ou par email, \u00e0 l\u2019adresse : contact@smix-dessoubre.fr<br>Toute demande doit \u00eatre accompagn\u00e9e de la photocopie d\u2019un titre d\u2019identit\u00e9 en cours de validit\u00e9 sign\u00e9 et faire mention de l\u2019adresse \u00e0 laquelle l\u2019\u00e9diteur pourra contacter le demandeur. La r\u00e9ponse sera adress\u00e9e dans le mois suivant la r\u00e9ception de la demande. Ce d\u00e9lai d\u2019un mois peut \u00eatre prolong\u00e9 de deux mois si la complexit\u00e9 de la demande et\/ou le nombre de demandes l\u2019exigent.<br>De plus, et depuis la loi n\u00b02016-1321 du 7 octobre 2016, les personnes qui le souhaitent, ont la possibilit\u00e9 d\u2019organiser le sort de leurs donn\u00e9es apr\u00e8s leur d\u00e9c\u00e8s. Pour plus d\u2019information sur le sujet, vous pouvez consulter le site Internet de la CNIL : <a href=\"http:\/\/www.cnil.fr\" target=\"_blank\" rel=\"noreferrer noopener\">www.cnil.fr<\/a>.<br>Les utilisateurs peuvent aussi introduire une r\u00e9clamation aupr\u00e8s de la CNIL sur le site de la CNIL : <a href=\"http:\/\/www.cnil.fr\" target=\"_blank\" rel=\"noreferrer noopener\">www.cnil.fr<\/a>.<br>Nous vous recommandons de nous contacter dans un premier temps avant de d\u00e9poser une r\u00e9clamation aupr\u00e8s de la CNIL, car nous sommes \u00e0 votre enti\u00e8re disposition pour r\u00e9gler votre probl\u00e8me.<\/p>\n\n\n\n<h2 class=\"wp-block-heading\"><strong>Article 9 \u2013 Utilisation des donn\u00e9es<\/strong><\/h2>\n\n\n\n<p>Les donn\u00e9es personnelles collect\u00e9es aupr\u00e8s des utilisateurs ont pour objectif la mise \u00e0 disposition des services du site, leur am\u00e9lioration et le maintien d\u2019un environnement s\u00e9curis\u00e9. La base l\u00e9gale des traitements est l\u2019ex\u00e9cution du contrat entre l\u2019utilisateur et Le site. Plus pr\u00e9cis\u00e9ment, les utilisations sont les suivantes :<br>\u2013 acc\u00e8s et utilisation du site par l\u2019utilisateur ;<br>\u2013 gestion du fonctionnement et optimisation du site ;<br>\u2013 mise en oeuvre d\u2019une assistance utilisateurs ;<br>\u2013 v\u00e9rification, identification et authentification des donn\u00e9es transmises par l\u2019utilisateur ;<br>\u2013 personnalisation des services en affichant des publicit\u00e9s en fonction de l\u2019historique de<br>navigation de l\u2019utilisateur, selon ses pr\u00e9f\u00e9rences ;<br>\u2013 pr\u00e9vention et d\u00e9tection des fraudes, malwares (malicious softwares ou logiciels malveillants) et<br>gestion des incidents de s\u00e9curit\u00e9 ;<br>\u2013 gestion des \u00e9ventuels litiges avec les utilisateurs ;<br>\u2013 envoi d\u2019informations commerciales et publicitaires, en fonction des pr\u00e9f\u00e9rences de l\u2019utilisateur ;<br>\u2013 organisation des conditions d\u2019utilisation des Services de paiement.<\/p>\n\n\n\n<h2 class=\"wp-block-heading\"><strong>Article 10 \u2013 Politique de conservation des donn\u00e9es<\/strong><\/h2>\n\n\n\n<p>Le site s\u2019engage \u00e0 ne pas conserver vos donn\u00e9es personnelles. Vos donn\u00e9es pourront \u00e9ventuellement \u00eatre stock\u00e9es dans le but d\u2019un \u00e9change de correspondance \u00e0 la suite d\u2019un message envoy\u00e9 depuis le formulaire de contact du site.<\/p>\n\n\n\n<h2 class=\"wp-block-heading\"><strong>Article 11 <\/strong><strong>\u2013 <\/strong><strong>Partage des donn\u00e9es personnelles avec des tiers<\/strong><\/h2>\n\n\n\n<p>Les donn\u00e9es personnelles ne seront partag\u00e9es avec aucun tiers.<\/p>\n\n\n\n<h2 class=\"wp-block-heading\"><strong>Article 12 \u2013 Offres commerciales<\/strong><\/h2>\n\n\n\n<p>Vous ne recevrez pas d\u2019offre commerciale de l\u2019\u00e9diteur.<\/p>\n\n\n\n<h2 class=\"wp-block-heading\"><strong>Article 13 \u2013 cookies<\/strong><\/h2>\n\n\n\n<p><strong>Qu\u2019est-ce qu\u2019un \u00ab cookie \u00bb ?<\/strong><br>Un \u00ab Cookie \u00bb ou traceur est un fichier \u00e9lectronique d\u00e9pos\u00e9 sur un terminal (ordinateur, tablette, smartphone,\u2026) et lu par exemple lors de la consultation d\u2019un site internet, de la lecture d\u2019un courrier \u00e9lectronique, de l\u2019installation ou de l\u2019utilisation d\u2019un logiciel ou d\u2019une application mobile et ce, quel que soit le type de terminal utilis\u00e9 (source : <a href=\"http:\/\/www.cnil.fr\/fr\/cookies-traceurs-que-dit-la-loi\" target=\"_blank\" rel=\"noreferrer noopener\">www.cnil.fr\/fr\/cookies-traceurs-que-dit-la-loi<\/a>).<br>En naviguant sur ce site, des \u00ab cookies \u00bb \u00e9manant de la soci\u00e9t\u00e9 responsable du site concern\u00e9 et\/ou des soci\u00e9t\u00e9s tiers pourront \u00eatre d\u00e9pos\u00e9s sur votre terminal.<br>Lors de la premi\u00e8re navigation sur ce site, une banni\u00e8re explicative sur l\u2019utilisation des \u00ab cookies \u00bb appara\u00eetra. D\u00e8s lors, en poursuivant la navigation, le client et\/ou prospect sera r\u00e9put\u00e9 inform\u00e9 et avoir accept\u00e9 l\u2019utilisation desdits \u00ab cookies \u00bb. Le consentement donn\u00e9 sera valable pour une p\u00e9riode de treize (13) mois. L\u2019utilisateur a la possibilit\u00e9 de d\u00e9sactiver les cookies \u00e0 partir des param\u00e8tres de son navigateur. Toutes les informations collect\u00e9es ne seront utilis\u00e9es que pour suivre le volume, le type et la configuration du trafic utilisant ce site, pour en d\u00e9velopper la conception et l\u2019agencement et \u00e0 d\u2019autres fins administratives et de planification et plus g\u00e9n\u00e9ralement pour am\u00e9liorer le service que nous vous offrons.<\/p>\n\n\n\n<p>Pour plus d\u2019informations sur l\u2019utilisation, la gestion et la suppression des \u00ab cookies \u00bb, pour tout type de navigateur, nous vous invitons \u00e0 consulter le lien suivant : <a href=\"https:\/\/www.cnil.fr\/fr\/cookies-les-outils-pour-les-maitriser\" target=\"_blank\" rel=\"noreferrer noopener\">www.cnil.fr\/fr\/cookies-les-outils-pour-les-maitriser<\/a>.<\/p>\n\n\n\n<p>Pour en savoir plus sur les cookies, cliquez <a href=\"https:\/\/doubsdessoubre.fr\/cookies\/\">ici<\/a>.<\/p>\n\n\n\n<h2 class=\"wp-block-heading\"><strong>Article 14 \u2013 Loi applicable<\/strong><\/h2>\n\n\n\n<p>Les pr\u00e9sentes conditions d\u2019utilisation du site sont r\u00e9gies par la loi fran\u00e7aise et soumises \u00e0 la comp\u00e9tence des tribunaux du si\u00e8ge social de l\u2019\u00e9diteur, sous r\u00e9serve d\u2019une attribution de comp\u00e9tence sp\u00e9cifique d\u00e9coulant d\u2019un texte de loi ou r\u00e9glementaire particulier.<\/p>\n\n\n\n<h2 class=\"wp-block-heading\"><strong>Article 15 \u2013 Contactez-nous<\/strong><\/h2>\n\n\n\n<p>Pour toute question ou information sur le site lui-m\u00eame, vous pouvez laisser un message \u00e0 l\u2019adresse suivante : <a href=\"mailto:contact@smix-dessoubre.fr\">contact@smix-dessoubre.fr<\/a>.<\/p>\n","protected":false},"excerpt":{"rendered":"<p>Pr\u00e9ambule Le Syndicat Mixte d\u2019Am\u00e9nagement du Dessoubre et de Valorisation du Bassin Versant, soucieux des droits des individus, notamment au regard des traitements automatis\u00e9s et dans une volont\u00e9 de transparence avec ses clients, a mis en place une politique reprenant l\u2019ensemble de ces traitements, des finalit\u00e9s poursuivies par ces derniers ainsi que des moyens d\u2019actions&hellip;&nbsp;<a href=\"https:\/\/projetdoubsdessoubre.fr\/index.php\/politique-de-confidentialite\/\" rel=\"bookmark\">Lire la suite &raquo;<span class=\"screen-reader-text\">Politique de confidentialit\u00e9<\/span><\/a><\/p>\n","protected":false},"author":1,"featured_media":0,"parent":0,"menu_order":0,"comment_status":"closed","ping_status":"open","template":"","meta":{"neve_meta_sidebar":"","neve_meta_container":"","neve_meta_enable_content_width":"","neve_meta_content_width":0,"neve_meta_title_alignment":"","neve_meta_author_avatar":"","neve_post_elements_order":"","neve_meta_disable_header":"","neve_meta_disable_footer":"","neve_meta_disable_title":"","_themeisle_gutenberg_block_has_review":false,"footnotes":""},"class_list":["post-3","page","type-page","status-publish","hentry"],"_links":{"self":[{"href":"https:\/\/projetdoubsdessoubre.fr\/index.php\/wp-json\/wp\/v2\/pages\/3","targetHints":{"allow":["GET"]}}],"collection":[{"href":"https:\/\/projetdoubsdessoubre.fr\/index.php\/wp-json\/wp\/v2\/pages"}],"about":[{"href":"https:\/\/projetdoubsdessoubre.fr\/index.php\/wp-json\/wp\/v2\/types\/page"}],"author":[{"embeddable":true,"href":"https:\/\/projetdoubsdessoubre.fr\/index.php\/wp-json\/wp\/v2\/users\/1"}],"replies":[{"embeddable":true,"href":"https:\/\/projetdoubsdessoubre.fr\/index.php\/wp-json\/wp\/v2\/comments?post=3"}],"version-history":[{"count":2,"href":"https:\/\/projetdoubsdessoubre.fr\/index.php\/wp-json\/wp\/v2\/pages\/3\/revisions"}],"predecessor-version":[{"id":689,"href":"https:\/\/projetdoubsdessoubre.fr\/index.php\/wp-json\/wp\/v2\/pages\/3\/revisions\/689"}],"wp:attachment":[{"href":"https:\/\/projetdoubsdessoubre.fr\/index.php\/wp-json\/wp\/v2\/media?parent=3"}],"curies":[{"name":"wp","href":"https:\/\/api.w.org\/{rel}","templated":true}]}}